{"id":2,"date":"2023-11-21T10:08:14","date_gmt":"2023-11-21T10:08:14","guid":{"rendered":"https:\/\/vpgsa.be\/?page_id=2"},"modified":"2023-12-07T16:22:38","modified_gmt":"2023-12-07T16:22:38","slug":"vincent-pissart-vpg-sa-administrateur-independant","status":"publish","type":"page","link":"https:\/\/vpgsa.be\/","title":{"rendered":""},"content":{"rendered":"\n<p class=\"has-text-align-center\">VPG s.a. est une soci\u00e9t\u00e9 de conseil dans le domaine de la gestion d&rsquo;entreprises et qui exerce des mandats d&rsquo;Administrateur Ind\u00e9pendant dans diff\u00e9rentes soci\u00e9t\u00e9s, start-up, scale-up ou soci\u00e9t\u00e9s industrielles. <\/p>\n\n\n\n<div style=\"height:17px\" aria-hidden=\"true\" class=\"wp-block-spacer\"><\/div>\n\n\n\n<p class=\"has-text-align-center has-large-font-size\">Vincent Pissart, Administrateur D\u00e9l\u00e9gu\u00e9<\/p>\n\n\n\n<figure class=\"wp-block-image aligncenter size-full is-resized\"><img loading=\"lazy\" decoding=\"async\" width=\"521\" height=\"694\" src=\"https:\/\/vpgsa.be\/wp-content\/uploads\/2023\/11\/VP.png\" alt=\"\" class=\"wp-image-112\" style=\"width:300px\" srcset=\"https:\/\/vpgsa.be\/wp-content\/uploads\/2023\/11\/VP.png 521w, https:\/\/vpgsa.be\/wp-content\/uploads\/2023\/11\/VP-225x300.png 225w\" sizes=\"auto, (max-width: 521px) 100vw, 521px\" \/><\/figure>\n\n\n\n<ul class=\"wp-block-social-links has-normal-icon-size has-visible-labels has-icon-color has-icon-background-color is-style-default is-horizontal is-content-justification-center is-layout-flex wp-container-core-social-links-is-layout-69e6bd93 wp-block-social-links-is-layout-flex\" style=\"margin-top:var(--wp--preset--spacing--30);margin-bottom:var(--wp--preset--spacing--30)\"><li style=\"color:#ffffff;background-color:#111111;\" class=\"wp-social-link wp-social-link-chain has-base-2-color has-contrast-background-color wp-block-social-link\"><a rel=\"https:\/\/www.linkedin.com\/in\/vincent-pissart\/ noopener nofollow\" target=\"_blank\" href=\"https:\/\/www.linkedin.com\/in\/vincent-pissart\/\" class=\"wp-block-social-link-anchor\"><svg width=\"24\" height=\"24\" viewBox=\"0 0 24 24\" version=\"1.1\" xmlns=\"http:\/\/www.w3.org\/2000\/svg\" aria-hidden=\"true\" focusable=\"false\"><path d=\"M15.6,7.2H14v1.5h1.6c2,0,3.7,1.7,3.7,3.7s-1.7,3.7-3.7,3.7H14v1.5h1.6c2.8,0,5.2-2.3,5.2-5.2,0-2.9-2.3-5.2-5.2-5.2zM4.7,12.4c0-2,1.7-3.7,3.7-3.7H10V7.2H8.4c-2.9,0-5.2,2.3-5.2,5.2,0,2.9,2.3,5.2,5.2,5.2H10v-1.5H8.4c-2,0-3.7-1.7-3.7-3.7zm4.6.9h5.3v-1.5H9.3v1.5z\"><\/path><\/svg><span class=\"wp-block-social-link-label\">LinkedIn<\/span><\/a><\/li>\n\n<li style=\"color:#ffffff;background-color:#111111;\" class=\"wp-social-link wp-social-link-mail has-base-2-color has-contrast-background-color wp-block-social-link\"><a rel=\"noopener nofollow\" target=\"_blank\" href=\"mailto:&#118;&#046;&#112;&#105;&#115;s&#097;&#114;&#116;&#064;&#118;p&#103;&#115;&#097;&#046;&#098;e\" class=\"wp-block-social-link-anchor\"><svg width=\"24\" height=\"24\" viewBox=\"0 0 24 24\" version=\"1.1\" xmlns=\"http:\/\/www.w3.org\/2000\/svg\" aria-hidden=\"true\" focusable=\"false\"><path d=\"M19,5H5c-1.1,0-2,.9-2,2v10c0,1.1.9,2,2,2h14c1.1,0,2-.9,2-2V7c0-1.1-.9-2-2-2zm.5,12c0,.3-.2.5-.5.5H5c-.3,0-.5-.2-.5-.5V9.8l7.5,5.6,7.5-5.6V17zm0-9.1L12,13.6,4.5,7.9V7c0-.3.2-.5.5-.5h14c.3,0,.5.2.5.5v.9z\"><\/path><\/svg><span class=\"wp-block-social-link-label\">Mail<\/span><\/a><\/li><\/ul>\n\n\n\n<div style=\"height:17px\" aria-hidden=\"true\" class=\"wp-block-spacer\"><\/div>\n\n\n\n<div style=\"height:0px\" aria-hidden=\"true\" class=\"wp-block-spacer\"><\/div>\n\n\n\n<p class=\"has-text-align-center\" style=\"padding-top:var(--wp--preset--spacing--20);padding-bottom:var(--wp--preset--spacing--20);font-size:clamp(1.146rem, 1.146rem + ((1vw - 0.2rem) * 1.09), 1.8rem);\">R\u00e9f\u00e9rences<\/p>\n\n\n\n<div class=\"wp-block-columns is-layout-flex wp-container-core-columns-is-layout-e53a1342 wp-block-columns-is-layout-flex\" style=\"border-style:none;border-width:0px;border-radius:0px\">\n<div class=\"wp-block-column is-layout-flow wp-block-column-is-layout-flow\" style=\"padding-top:0;padding-bottom:0\">\n<figure class=\"wp-block-image aligncenter size-full is-resized wp-duotone-unset-1\"><img loading=\"lazy\" decoding=\"async\" width=\"200\" height=\"150\" src=\"https:\/\/vpgsa.be\/wp-content\/uploads\/2023\/11\/Batitec-format.png\" alt=\"\" class=\"wp-image-88\" style=\"width:177px;height:auto\"\/><\/figure>\n<\/div>\n\n\n\n<div class=\"wp-block-column is-layout-flow wp-block-column-is-layout-flow\" style=\"padding-top:0;padding-right:0;padding-bottom:0;padding-left:0\">\n<figure class=\"wp-block-image aligncenter size-full is-resized wp-duotone-unset-2\"><img loading=\"lazy\" decoding=\"async\" width=\"200\" height=\"150\" src=\"https:\/\/vpgsa.be\/wp-content\/uploads\/2023\/11\/Trustup-format.png\" alt=\"\" class=\"wp-image-89\" style=\"width:149px;height:auto\"\/><\/figure>\n<\/div>\n\n\n\n<div class=\"wp-block-column is-vertically-aligned-center is-layout-flow wp-block-column-is-layout-flow\" style=\"padding-top:0;padding-right:0;padding-bottom:0;padding-left:0\">\n<figure class=\"wp-block-image aligncenter size-full is-resized wp-duotone-unset-3\"><img loading=\"lazy\" decoding=\"async\" width=\"606\" height=\"600\" src=\"https:\/\/vpgsa.be\/wp-content\/uploads\/2023\/12\/bbk.jpg\" alt=\"\" class=\"wp-image-121\" style=\"width:87px;height:auto\" srcset=\"https:\/\/vpgsa.be\/wp-content\/uploads\/2023\/12\/bbk.jpg 606w, https:\/\/vpgsa.be\/wp-content\/uploads\/2023\/12\/bbk-300x297.jpg 300w, https:\/\/vpgsa.be\/wp-content\/uploads\/2023\/12\/bbk-150x150.jpg 150w\" sizes=\"auto, (max-width: 606px) 100vw, 606px\" \/><\/figure>\n<\/div>\n<\/div>\n\n\n\n<div class=\"wp-block-columns is-layout-flex wp-container-core-columns-is-layout-e53a1342 wp-block-columns-is-layout-flex\" style=\"border-style:none;border-width:0px;border-radius:0px\">\n<div class=\"wp-block-column is-layout-flow wp-block-column-is-layout-flow\" style=\"padding-top:0;padding-bottom:0\">\n<figure class=\"wp-block-image aligncenter size-full is-resized wp-duotone-unset-4\"><img loading=\"lazy\" decoding=\"async\" width=\"200\" height=\"150\" src=\"https:\/\/vpgsa.be\/wp-content\/uploads\/2023\/11\/Indexplus-format.png\" alt=\"\" class=\"wp-image-91\" style=\"width:177px;height:auto\"\/><\/figure>\n<\/div>\n\n\n\n<div class=\"wp-block-column is-layout-flow wp-block-column-is-layout-flow\" style=\"padding-top:0;padding-right:0;padding-bottom:0;padding-left:0\">\n<figure class=\"wp-block-image aligncenter size-full is-resized wp-duotone-unset-5\"><img loading=\"lazy\" decoding=\"async\" width=\"200\" height=\"150\" src=\"https:\/\/vpgsa.be\/wp-content\/uploads\/2023\/11\/Deuse-format.png\" alt=\"\" class=\"wp-image-92\" style=\"width:149px;height:auto\"\/><\/figure>\n<\/div>\n\n\n\n<div class=\"wp-block-column is-vertically-aligned-center is-layout-flow wp-block-column-is-layout-flow\" style=\"padding-top:0;padding-right:0;padding-bottom:0;padding-left:0\">\n<figure class=\"wp-block-image aligncenter size-full is-resized wp-duotone-unset-6\"><img loading=\"lazy\" decoding=\"async\" width=\"200\" height=\"150\" src=\"https:\/\/vpgsa.be\/wp-content\/uploads\/2023\/11\/Levita-format.png\" alt=\"\" class=\"wp-image-93\" style=\"width:122px;height:auto\"\/><\/figure>\n<\/div>\n<\/div>\n\n\n\n<div class=\"wp-block-columns is-layout-flex wp-container-core-columns-is-layout-e524df8a wp-block-columns-is-layout-flex\">\n<div class=\"wp-block-column is-layout-flow wp-block-column-is-layout-flow\" style=\"padding-top:0;padding-bottom:0\">\n<figure class=\"wp-block-image aligncenter size-full is-resized wp-duotone-unset-7\"><img loading=\"lazy\" decoding=\"async\" width=\"200\" height=\"150\" src=\"https:\/\/vpgsa.be\/wp-content\/uploads\/2023\/11\/Explotech-format-2.png\" alt=\"\" class=\"wp-image-96\" style=\"width:114px;height:auto\"\/><\/figure>\n<\/div>\n\n\n\n<div class=\"wp-block-column is-layout-flow wp-block-column-is-layout-flow\" style=\"padding-top:0;padding-right:0;padding-bottom:0;padding-left:0\">\n<figure class=\"wp-block-image aligncenter size-full is-resized wp-duotone-unset-8\"><img loading=\"lazy\" decoding=\"async\" width=\"200\" height=\"150\" src=\"https:\/\/vpgsa.be\/wp-content\/uploads\/2023\/11\/Adam-pumps-format.png\" alt=\"\" class=\"wp-image-97\" style=\"width:155px;height:auto\"\/><\/figure>\n<\/div>\n\n\n\n<div class=\"wp-block-column is-layout-flow wp-block-column-is-layout-flow\" style=\"padding-top:0;padding-right:0;padding-bottom:0;padding-left:0\">\n<figure class=\"wp-block-image aligncenter size-full is-resized\"><img loading=\"lazy\" decoding=\"async\" width=\"200\" height=\"150\" src=\"https:\/\/vpgsa.be\/wp-content\/uploads\/2023\/11\/18-24-agency-format.png\" alt=\"\" class=\"wp-image-98\" style=\"width:98px;height:auto\"\/><\/figure>\n<\/div>\n<\/div>\n\n\n\n<div class=\"wp-block-columns is-layout-flex wp-container-core-columns-is-layout-e524df8a wp-block-columns-is-layout-flex\">\n<div class=\"wp-block-column is-layout-flow wp-block-column-is-layout-flow\"><\/div>\n\n\n\n<div class=\"wp-block-column is-layout-flow wp-block-column-is-layout-flow\" style=\"padding-top:0;padding-bottom:0\">\n<figure class=\"wp-block-image aligncenter size-full is-resized wp-duotone-unset-9\"><img loading=\"lazy\" decoding=\"async\" width=\"200\" height=\"150\" src=\"https:\/\/vpgsa.be\/wp-content\/uploads\/2023\/11\/Copilot-format.png\" alt=\"\" class=\"wp-image-99\" style=\"width:125px;height:auto\"\/><\/figure>\n<\/div>\n\n\n\n<div class=\"wp-block-column is-layout-flow wp-block-column-is-layout-flow\"><\/div>\n<\/div>\n\n\n\n<div style=\"height:102px\" aria-hidden=\"true\" class=\"wp-block-spacer\"><\/div>\n","protected":false},"excerpt":{"rendered":"<p>VPG s.a. est une soci\u00e9t\u00e9 de conseil dans le domaine de la gestion d&rsquo;entreprises et qui exerce des mandats d&rsquo;Administrateur Ind\u00e9pendant dans diff\u00e9rentes soci\u00e9t\u00e9s, start-up, scale-up ou soci\u00e9t\u00e9s industrielles. Vincent Pissart, Administrateur D\u00e9l\u00e9gu\u00e9 R\u00e9f\u00e9rences<\/p>\n","protected":false},"author":1,"featured_media":0,"parent":0,"menu_order":0,"comment_status":"closed","ping_status":"closed","template":"","meta":{"footnotes":""},"class_list":["post-2","page","type-page","status-publish","hentry"],"yoast_head":"<!-- This site is optimized with the Yoast SEO plugin v21.5 - https:\/\/yoast.com\/wordpress\/plugins\/seo\/ -->\n<title>- VPG SA<\/title>\n<meta name=\"description\" content=\"VPG SA est une soci\u00e9t\u00e9 de conseil dans le domaine de la gestion d&#039;entreprises et qui exerce des mandats d&#039;Administrateur Ind\u00e9pendant.\" \/>\n<meta name=\"robots\" content=\"index, follow, max-snippet:-1, max-image-preview:large, max-video-preview:-1\" \/>\n<link rel=\"canonical\" href=\"https:\/\/vpgsa.be\/\" \/>\n<meta property=\"og:locale\" content=\"fr_FR\" \/>\n<meta property=\"og:type\" content=\"article\" \/>\n<meta property=\"og:title\" content=\"- VPG SA\" \/>\n<meta property=\"og:description\" content=\"VPG SA est une soci\u00e9t\u00e9 de conseil dans le domaine de la gestion d&#039;entreprises et qui exerce des mandats d&#039;Administrateur Ind\u00e9pendant.\" \/>\n<meta property=\"og:url\" content=\"https:\/\/vpgsa.be\/\" \/>\n<meta property=\"og:site_name\" content=\"VPG SA\" \/>\n<meta property=\"article:modified_time\" content=\"2023-12-07T16:22:38+00:00\" \/>\n<meta property=\"og:image\" content=\"https:\/\/vpgsa.be\/wp-content\/uploads\/2023\/11\/VP.png\" \/>\n<meta name=\"twitter:card\" content=\"summary_large_image\" \/>\n<meta name=\"twitter:label1\" content=\"Dur\u00e9e de lecture est.\" \/>\n\t<meta name=\"twitter:data1\" content=\"3 minutes\" \/>\n<script type=\"application\/ld+json\" class=\"yoast-schema-graph\">{\"@context\":\"https:\/\/schema.org\",\"@graph\":[{\"@type\":\"WebPage\",\"@id\":\"https:\/\/vpgsa.be\/\",\"url\":\"https:\/\/vpgsa.be\/\",\"name\":\"- VPG SA\",\"isPartOf\":{\"@id\":\"https:\/\/vpgsa.be\/#website\"},\"datePublished\":\"2023-11-21T10:08:14+00:00\",\"dateModified\":\"2023-12-07T16:22:38+00:00\",\"description\":\"VPG SA est une soci\u00e9t\u00e9 de conseil dans le domaine de la gestion d'entreprises et qui exerce des mandats d'Administrateur Ind\u00e9pendant.\",\"inLanguage\":\"fr-BE\",\"potentialAction\":[{\"@type\":\"ReadAction\",\"target\":[\"https:\/\/vpgsa.be\/\"]}]},{\"@type\":\"WebSite\",\"@id\":\"https:\/\/vpgsa.be\/#website\",\"url\":\"https:\/\/vpgsa.be\/\",\"name\":\"VPG SA\",\"description\":\"Vincent Pissart - VPG sa\",\"publisher\":{\"@id\":\"https:\/\/vpgsa.be\/#organization\"},\"potentialAction\":[{\"@type\":\"SearchAction\",\"target\":{\"@type\":\"EntryPoint\",\"urlTemplate\":\"https:\/\/vpgsa.be\/?s={search_term_string}\"},\"query-input\":\"required name=search_term_string\"}],\"inLanguage\":\"fr-BE\"},{\"@type\":\"Organization\",\"@id\":\"https:\/\/vpgsa.be\/#organization\",\"name\":\"VPG SA\",\"url\":\"https:\/\/vpgsa.be\/\",\"logo\":{\"@type\":\"ImageObject\",\"inLanguage\":\"fr-BE\",\"@id\":\"https:\/\/vpgsa.be\/#\/schema\/logo\/image\/\",\"url\":\"https:\/\/vpgsa.be\/wp-content\/uploads\/2023\/11\/VPGsa_Logo_RVB.png\",\"contentUrl\":\"https:\/\/vpgsa.be\/wp-content\/uploads\/2023\/11\/VPGsa_Logo_RVB.png\",\"width\":1417,\"height\":531,\"caption\":\"VPG SA\"},\"image\":{\"@id\":\"https:\/\/vpgsa.be\/#\/schema\/logo\/image\/\"}}]}<\/script>\n<!-- \/ Yoast SEO plugin. -->","yoast_head_json":{"title":"- VPG SA","description":"VPG SA est une soci\u00e9t\u00e9 de conseil dans le domaine de la gestion d'entreprises et qui exerce des mandats d'Administrateur Ind\u00e9pendant.","robots":{"index":"index","follow":"follow","max-snippet":"max-snippet:-1","max-image-preview":"max-image-preview:large","max-video-preview":"max-video-preview:-1"},"canonical":"https:\/\/vpgsa.be\/","og_locale":"fr_FR","og_type":"article","og_title":"- VPG SA","og_description":"VPG SA est une soci\u00e9t\u00e9 de conseil dans le domaine de la gestion d'entreprises et qui exerce des mandats d'Administrateur Ind\u00e9pendant.","og_url":"https:\/\/vpgsa.be\/","og_site_name":"VPG SA","article_modified_time":"2023-12-07T16:22:38+00:00","og_image":[{"url":"https:\/\/vpgsa.be\/wp-content\/uploads\/2023\/11\/VP.png"}],"twitter_card":"summary_large_image","twitter_misc":{"Dur\u00e9e de lecture est.":"3 minutes"},"schema":{"@context":"https:\/\/schema.org","@graph":[{"@type":"WebPage","@id":"https:\/\/vpgsa.be\/","url":"https:\/\/vpgsa.be\/","name":"- VPG SA","isPartOf":{"@id":"https:\/\/vpgsa.be\/#website"},"datePublished":"2023-11-21T10:08:14+00:00","dateModified":"2023-12-07T16:22:38+00:00","description":"VPG SA est une soci\u00e9t\u00e9 de conseil dans le domaine de la gestion d'entreprises et qui exerce des mandats d'Administrateur Ind\u00e9pendant.","inLanguage":"fr-BE","potentialAction":[{"@type":"ReadAction","target":["https:\/\/vpgsa.be\/"]}]},{"@type":"WebSite","@id":"https:\/\/vpgsa.be\/#website","url":"https:\/\/vpgsa.be\/","name":"VPG SA","description":"Vincent Pissart - VPG sa","publisher":{"@id":"https:\/\/vpgsa.be\/#organization"},"potentialAction":[{"@type":"SearchAction","target":{"@type":"EntryPoint","urlTemplate":"https:\/\/vpgsa.be\/?s={search_term_string}"},"query-input":"required name=search_term_string"}],"inLanguage":"fr-BE"},{"@type":"Organization","@id":"https:\/\/vpgsa.be\/#organization","name":"VPG SA","url":"https:\/\/vpgsa.be\/","logo":{"@type":"ImageObject","inLanguage":"fr-BE","@id":"https:\/\/vpgsa.be\/#\/schema\/logo\/image\/","url":"https:\/\/vpgsa.be\/wp-content\/uploads\/2023\/11\/VPGsa_Logo_RVB.png","contentUrl":"https:\/\/vpgsa.be\/wp-content\/uploads\/2023\/11\/VPGsa_Logo_RVB.png","width":1417,"height":531,"caption":"VPG SA"},"image":{"@id":"https:\/\/vpgsa.be\/#\/schema\/logo\/image\/"}}]}},"_links":{"self":[{"href":"https:\/\/vpgsa.be\/index.php\/wp-json\/wp\/v2\/pages\/2","targetHints":{"allow":["GET"]}}],"collection":[{"href":"https:\/\/vpgsa.be\/index.php\/wp-json\/wp\/v2\/pages"}],"about":[{"href":"https:\/\/vpgsa.be\/index.php\/wp-json\/wp\/v2\/types\/page"}],"author":[{"embeddable":true,"href":"https:\/\/vpgsa.be\/index.php\/wp-json\/wp\/v2\/users\/1"}],"replies":[{"embeddable":true,"href":"https:\/\/vpgsa.be\/index.php\/wp-json\/wp\/v2\/comments?post=2"}],"version-history":[{"count":37,"href":"https:\/\/vpgsa.be\/index.php\/wp-json\/wp\/v2\/pages\/2\/revisions"}],"predecessor-version":[{"id":122,"href":"https:\/\/vpgsa.be\/index.php\/wp-json\/wp\/v2\/pages\/2\/revisions\/122"}],"wp:attachment":[{"href":"https:\/\/vpgsa.be\/index.php\/wp-json\/wp\/v2\/media?parent=2"}],"curies":[{"name":"wp","href":"https:\/\/api.w.org\/{rel}","templated":true}]}}